{"id":4303,"date":"2025-10-09T18:42:05","date_gmt":"2025-10-09T16:42:05","guid":{"rendered":"https:\/\/robesdemarieesgard.fr\/?page_id=4303"},"modified":"2025-10-09T18:46:00","modified_gmt":"2025-10-09T16:46:00","slug":"cgu","status":"publish","type":"page","link":"https:\/\/robesdemarieesgard.fr\/index.php\/cgu\/","title":{"rendered":"CGU"},"content":{"rendered":"\t\t<div data-elementor-type=\"wp-page\" data-elementor-id=\"4303\" class=\"elementor elementor-4303\">\n\t\t\t\t<div class=\"elementor-element elementor-element-9025adb e-flex e-con-boxed e-con e-parent\" data-id=\"9025adb\" data-element_type=\"container\" data-e-type=\"container\">\n\t\t\t\t\t<div class=\"e-con-inner\">\n\t\t\t\t<div class=\"elementor-element elementor-element-b20ad40 elementor-widget elementor-widget-heading\" data-id=\"b20ad40\" data-element_type=\"widget\" data-e-type=\"widget\" data-widget_type=\"heading.default\">\n\t\t\t\t<div class=\"elementor-widget-container\">\n\t\t\t\t\t<h2 class=\"elementor-heading-title elementor-size-default\">Conditions g\u00e9n\u00e9rales d\u2019utilisation (CGU)<\/h2>\t\t\t\t<\/div>\n\t\t\t\t<\/div>\n\t\t\t\t\t<\/div>\n\t\t\t\t<\/div>\n\t\t<div class=\"elementor-element elementor-element-054236e e-flex e-con-boxed e-con e-parent\" data-id=\"054236e\" data-element_type=\"container\" data-e-type=\"container\">\n\t\t\t\t\t<div class=\"e-con-inner\">\n\t\t\t\t<div class=\"elementor-element elementor-element-8db2dae elementor-widget elementor-widget-text-editor\" data-id=\"8db2dae\" data-element_type=\"widget\" data-e-type=\"widget\" data-widget_type=\"text-editor.default\">\n\t\t\t\t<div class=\"elementor-widget-container\">\n\t\t\t\t\t\t\t\t\t<div dir=\"auto\">Le site\u00a0<a href=\"http:\/\/www.lauraqueencreation.fr\/\" target=\"_blank\" rel=\"noopener\" data-saferedirecturl=\"https:\/\/www.google.com\/url?q=http:\/\/www.lauraqueencreation.fr&amp;source=gmail&amp;ust=1760113756870000&amp;usg=AOvVaw27S4RbKITV1ZazepOKkuZ-\">www.lauraqueencreation.fr<\/a>\u00a0a pour objet de pr\u00e9senter les cr\u00e9ations et services propos\u00e9s par Laura Queen Cr\u00e9ation.<\/div><div dir=\"auto\">\u00a0<\/div><h3 dir=\"auto\">1. Acc\u00e8s au site<\/h3><div dir=\"auto\">Le site est accessible gratuitement depuis tout appareil connect\u00e9 \u00e0 Internet.<\/div><div dir=\"auto\">L\u2019utilisateur est seul responsable de son mat\u00e9riel et de son acc\u00e8s au r\u00e9seau.<\/div><div dir=\"auto\">\u00a0<\/div><h3 dir=\"auto\">2. Utilisation<\/h3><div dir=\"auto\">L\u2019utilisateur s\u2019engage \u00e0 ne pas utiliser le site \u00e0 des fins ill\u00e9gales, commerciales ou contraires aux lois en vigueur.<\/div><div dir=\"auto\">Toute tentative de perturbation ou d\u2019acc\u00e8s non autoris\u00e9 au site sera poursuivie.<\/div><div dir=\"auto\">\u00a0<\/div><h3 dir=\"auto\">3. Propri\u00e9t\u00e9 intellectuelle<\/h3><div dir=\"auto\">Tous les contenus du site (textes, photos, vid\u00e9os, croquis, cr\u00e9ations, logo, graphismes) sont la propri\u00e9t\u00e9 exclusive de Laura Queen Cr\u00e9ation.<\/div><div dir=\"auto\">Toute reproduction, diffusion ou exploitation sans accord \u00e9crit pr\u00e9alable est interdite (articles L.335-2 et suivants du Code de la propri\u00e9t\u00e9 intellectuelle).<\/div><div dir=\"auto\">\u00a0<\/div><h3 dir=\"auto\">4. Responsabilit\u00e9<\/h3><div dir=\"auto\">Laura Queen Cr\u00e9ation ne peut \u00eatre tenue responsable :<\/div><div dir=\"auto\">\u00a0<\/div><div dir=\"auto\">Des erreurs ou interruptions du site,<\/div><div dir=\"auto\">\u00a0<\/div><div dir=\"auto\">Des dommages directs ou indirects li\u00e9s \u00e0 l\u2019utilisation du site,<\/div><div dir=\"auto\">\u00a0<\/div><div dir=\"auto\">Des contenus de sites tiers accessibles via des liens externes.<\/div><div dir=\"auto\">\u00a0<\/div><div dir=\"auto\">\u00a0<\/div><h3 dir=\"auto\">5. Modifications<\/h3><div dir=\"auto\">Laura Queen Cr\u00e9ation se r\u00e9serve le droit de modifier ou de suspendre l\u2019acc\u00e8s au site \u00e0 tout moment, sans pr\u00e9avis.<\/div><div dir=\"auto\">\u00a0<\/div><h3 dir=\"auto\">6. Droit applicable<\/h3><div dir=\"auto\">Les pr\u00e9sentes conditions sont r\u00e9gies par le droit fran\u00e7ais.<\/div><div dir=\"auto\">Tout litige rel\u00e8vera des tribunaux comp\u00e9tents du ressort d\u2019Uz\u00e8s (30), sauf accord \u00e9crit contraire.<\/div>\t\t\t\t\t\t\t\t<\/div>\n\t\t\t\t<\/div>\n\t\t\t\t\t<\/div>\n\t\t\t\t<\/div>\n\t\t\t\t<\/div>\n\t\t","protected":false},"excerpt":{"rendered":"<p>Conditions g\u00e9n\u00e9rales d\u2019utilisation (CGU) Le site\u00a0www.lauraqueencreation.fr\u00a0a pour objet de pr\u00e9senter les cr\u00e9ations et services propos\u00e9s par Laura Queen Cr\u00e9ation.\u00a0 1. Acc\u00e8s au site Le site est accessible gratuitement depuis tout appareil connect\u00e9 \u00e0 Internet.L\u2019utilisateur est seul responsable de son mat\u00e9riel et de son acc\u00e8s au r\u00e9seau.\u00a0 2. Utilisation L\u2019utilisateur s\u2019engage \u00e0 ne pas utiliser le [&hellip;]<\/p>\n","protected":false},"author":1,"featured_media":0,"parent":0,"menu_order":0,"comment_status":"closed","ping_status":"closed","template":"","meta":{"_crdt_document":"","_monsterinsights_skip_tracking":false,"_monsterinsights_sitenote_active":false,"_monsterinsights_sitenote_note":"","_monsterinsights_sitenote_category":0,"ocean_post_layout":"","ocean_both_sidebars_style":"","ocean_both_sidebars_content_width":0,"ocean_both_sidebars_sidebars_width":0,"ocean_sidebar":"","ocean_second_sidebar":"","ocean_disable_margins":"enable","ocean_add_body_class":"","ocean_shortcode_before_top_bar":"","ocean_shortcode_after_top_bar":"","ocean_shortcode_before_header":"","ocean_shortcode_after_header":"","ocean_has_shortcode":"","ocean_shortcode_after_title":"","ocean_shortcode_before_footer_widgets":"","ocean_shortcode_after_footer_widgets":"","ocean_shortcode_before_footer_bottom":"","ocean_shortcode_after_footer_bottom":"","ocean_display_top_bar":"default","ocean_display_header":"default","ocean_header_style":"","ocean_center_header_left_menu":"","ocean_custom_header_template":"","ocean_custom_logo":0,"ocean_custom_retina_logo":0,"ocean_custom_logo_max_width":0,"ocean_custom_logo_tablet_max_width":0,"ocean_custom_logo_mobile_max_width":0,"ocean_custom_logo_max_height":0,"ocean_custom_logo_tablet_max_height":0,"ocean_custom_logo_mobile_max_height":0,"ocean_header_custom_menu":"","ocean_menu_typo_font_family":"","ocean_menu_typo_font_subset":"","ocean_menu_typo_font_size":0,"ocean_menu_typo_font_size_tablet":0,"ocean_menu_typo_font_size_mobile":0,"ocean_menu_typo_font_size_unit":"px","ocean_menu_typo_font_weight":"","ocean_menu_typo_font_weight_tablet":"","ocean_menu_typo_font_weight_mobile":"","ocean_menu_typo_transform":"","ocean_menu_typo_transform_tablet":"","ocean_menu_typo_transform_mobile":"","ocean_menu_typo_line_height":0,"ocean_menu_typo_line_height_tablet":0,"ocean_menu_typo_line_height_mobile":0,"ocean_menu_typo_line_height_unit":"","ocean_menu_typo_spacing":0,"ocean_menu_typo_spacing_tablet":0,"ocean_menu_typo_spacing_mobile":0,"ocean_menu_typo_spacing_unit":"","ocean_menu_link_color":"","ocean_menu_link_color_hover":"","ocean_menu_link_color_active":"","ocean_menu_link_background":"","ocean_menu_link_hover_background":"","ocean_menu_link_active_background":"","ocean_menu_social_links_bg":"","ocean_menu_social_hover_links_bg":"","ocean_menu_social_links_color":"","ocean_menu_social_hover_links_color":"","ocean_disable_title":"default","ocean_disable_heading":"default","ocean_post_title":"","ocean_post_subheading":"","ocean_post_title_style":"","ocean_post_title_background_color":"","ocean_post_title_background":0,"ocean_post_title_bg_image_position":"","ocean_post_title_bg_image_attachment":"","ocean_post_title_bg_image_repeat":"","ocean_post_title_bg_image_size":"","ocean_post_title_height":0,"ocean_post_title_bg_overlay":0.5,"ocean_post_title_bg_overlay_color":"","ocean_disable_breadcrumbs":"default","ocean_breadcrumbs_color":"","ocean_breadcrumbs_separator_color":"","ocean_breadcrumbs_links_color":"","ocean_breadcrumbs_links_hover_color":"","ocean_display_footer_widgets":"default","ocean_display_footer_bottom":"default","ocean_custom_footer_template":"","footnotes":""},"class_list":["post-4303","page","type-page","status-publish","hentry","entry"],"yoast_head":"<!-- This site is optimized with the Yoast SEO plugin v27.4 - https:\/\/yoast.com\/product\/yoast-seo-wordpress\/ -->\n<title>CGU Laura Queen Cr\u00e9ation<\/title>\n<meta name=\"robots\" content=\"index, follow, max-snippet:-1, max-image-preview:large, max-video-preview:-1\" \/>\n<link rel=\"canonical\" href=\"https:\/\/robesdemarieesgard.fr\/index.php\/cgu\/\" \/>\n<meta property=\"og:locale\" content=\"fr_FR\" \/>\n<meta property=\"og:type\" content=\"article\" \/>\n<meta property=\"og:title\" content=\"CGU Laura Queen Cr\u00e9ation\" \/>\n<meta property=\"og:description\" content=\"Conditions g\u00e9n\u00e9rales d\u2019utilisation (CGU) Le site\u00a0www.lauraqueencreation.fr\u00a0a pour objet de pr\u00e9senter les cr\u00e9ations et services propos\u00e9s par Laura Queen Cr\u00e9ation.\u00a0 1. Acc\u00e8s au site Le site est accessible gratuitement depuis tout appareil connect\u00e9 \u00e0 Internet.L\u2019utilisateur est seul responsable de son mat\u00e9riel et de son acc\u00e8s au r\u00e9seau.\u00a0 2. Utilisation L\u2019utilisateur s\u2019engage \u00e0 ne pas utiliser le [&hellip;]\" \/>\n<meta property=\"og:url\" content=\"https:\/\/robesdemarieesgard.fr\/index.php\/cgu\/\" \/>\n<meta property=\"og:site_name\" content=\"Laura Queen Cr\u00e9ation\" \/>\n<meta property=\"article:publisher\" content=\"https:\/\/www.facebook.com\/tonstylecreatrice\/\" \/>\n<meta property=\"article:modified_time\" content=\"2025-10-09T16:46:00+00:00\" \/>\n<meta property=\"og:image\" content=\"https:\/\/robesdemarieesgard.fr\/wp-content\/uploads\/2021\/02\/2035-1-1.jpg\" \/>\n\t<meta property=\"og:image:width\" content=\"640\" \/>\n\t<meta property=\"og:image:height\" content=\"951\" \/>\n\t<meta property=\"og:image:type\" content=\"image\/jpeg\" \/>\n<meta name=\"twitter:card\" content=\"summary_large_image\" \/>\n<meta name=\"twitter:label1\" content=\"Dur\u00e9e de lecture estim\u00e9e\" \/>\n\t<meta name=\"twitter:data1\" content=\"2 minutes\" \/>\n<script type=\"application\/ld+json\" class=\"yoast-schema-graph\">{\"@context\":\"https:\\\/\\\/schema.org\",\"@graph\":[{\"@type\":\"WebPage\",\"@id\":\"https:\\\/\\\/robesdemarieesgard.fr\\\/index.php\\\/cgu\\\/\",\"url\":\"https:\\\/\\\/robesdemarieesgard.fr\\\/index.php\\\/cgu\\\/\",\"name\":\"CGU Laura Queen Cr\u00e9ation\",\"isPartOf\":{\"@id\":\"https:\\\/\\\/robesdemarieesgard.fr\\\/#website\"},\"datePublished\":\"2025-10-09T16:42:05+00:00\",\"dateModified\":\"2025-10-09T16:46:00+00:00\",\"breadcrumb\":{\"@id\":\"https:\\\/\\\/robesdemarieesgard.fr\\\/index.php\\\/cgu\\\/#breadcrumb\"},\"inLanguage\":\"fr-FR\",\"potentialAction\":[{\"@type\":\"ReadAction\",\"target\":[\"https:\\\/\\\/robesdemarieesgard.fr\\\/index.php\\\/cgu\\\/\"]}]},{\"@type\":\"BreadcrumbList\",\"@id\":\"https:\\\/\\\/robesdemarieesgard.fr\\\/index.php\\\/cgu\\\/#breadcrumb\",\"itemListElement\":[{\"@type\":\"ListItem\",\"position\":1,\"name\":\"Accueil\",\"item\":\"https:\\\/\\\/robesdemarieesgard.fr\\\/\"},{\"@type\":\"ListItem\",\"position\":2,\"name\":\"CGU\"}]},{\"@type\":\"WebSite\",\"@id\":\"https:\\\/\\\/robesdemarieesgard.fr\\\/#website\",\"url\":\"https:\\\/\\\/robesdemarieesgard.fr\\\/\",\"name\":\"Laura Queen Cr\u00e9ation\",\"description\":\"\u00c9levez votre style nuptial avec Laura Queen Cr\u00e9ation : De la cr\u00e9ation de robes de mari\u00e9e pi\u00e8ce unique \u00e0 la boutique en ligne, Made in France, personnalisation totale pour votre jour exceptionnel. Robes de mari\u00e9e uniques, pr\u00eat-\u00e0-porter, tout est sur-mesure, rien n&#039;est laiss\u00e9 au hasard!\",\"publisher\":{\"@id\":\"https:\\\/\\\/robesdemarieesgard.fr\\\/#organization\"},\"potentialAction\":[{\"@type\":\"SearchAction\",\"target\":{\"@type\":\"EntryPoint\",\"urlTemplate\":\"https:\\\/\\\/robesdemarieesgard.fr\\\/?s={search_term_string}\"},\"query-input\":{\"@type\":\"PropertyValueSpecification\",\"valueRequired\":true,\"valueName\":\"search_term_string\"}}],\"inLanguage\":\"fr-FR\"},{\"@type\":\"Organization\",\"@id\":\"https:\\\/\\\/robesdemarieesgard.fr\\\/#organization\",\"name\":\"Ton Style Cr\u00e9atrice\",\"url\":\"https:\\\/\\\/robesdemarieesgard.fr\\\/\",\"logo\":{\"@type\":\"ImageObject\",\"inLanguage\":\"fr-FR\",\"@id\":\"https:\\\/\\\/robesdemarieesgard.fr\\\/#\\\/schema\\\/logo\\\/image\\\/\",\"url\":\"https:\\\/\\\/robesdemarieesgard.fr\\\/wp-content\\\/uploads\\\/2019\\\/02\\\/22491897_1472592829528557_4937538400733269102_n.jpg\",\"contentUrl\":\"https:\\\/\\\/robesdemarieesgard.fr\\\/wp-content\\\/uploads\\\/2019\\\/02\\\/22491897_1472592829528557_4937538400733269102_n.jpg\",\"width\":960,\"height\":960,\"caption\":\"Ton Style Cr\u00e9atrice\"},\"image\":{\"@id\":\"https:\\\/\\\/robesdemarieesgard.fr\\\/#\\\/schema\\\/logo\\\/image\\\/\"},\"sameAs\":[\"https:\\\/\\\/www.facebook.com\\\/tonstylecreatrice\\\/\",\"https:\\\/\\\/www.instagram.com\\\/tonstylecreatrice\\\/?hl=fr\"]}]}<\/script>\n<!-- \/ Yoast SEO plugin. -->","yoast_head_json":{"title":"CGU Laura Queen Cr\u00e9ation","robots":{"index":"index","follow":"follow","max-snippet":"max-snippet:-1","max-image-preview":"max-image-preview:large","max-video-preview":"max-video-preview:-1"},"canonical":"https:\/\/robesdemarieesgard.fr\/index.php\/cgu\/","og_locale":"fr_FR","og_type":"article","og_title":"CGU Laura Queen Cr\u00e9ation","og_description":"Conditions g\u00e9n\u00e9rales d\u2019utilisation (CGU) Le site\u00a0www.lauraqueencreation.fr\u00a0a pour objet de pr\u00e9senter les cr\u00e9ations et services propos\u00e9s par Laura Queen Cr\u00e9ation.\u00a0 1. Acc\u00e8s au site Le site est accessible gratuitement depuis tout appareil connect\u00e9 \u00e0 Internet.L\u2019utilisateur est seul responsable de son mat\u00e9riel et de son acc\u00e8s au r\u00e9seau.\u00a0 2. Utilisation L\u2019utilisateur s\u2019engage \u00e0 ne pas utiliser le [&hellip;]","og_url":"https:\/\/robesdemarieesgard.fr\/index.php\/cgu\/","og_site_name":"Laura Queen Cr\u00e9ation","article_publisher":"https:\/\/www.facebook.com\/tonstylecreatrice\/","article_modified_time":"2025-10-09T16:46:00+00:00","og_image":[{"width":640,"height":951,"url":"https:\/\/robesdemarieesgard.fr\/wp-content\/uploads\/2021\/02\/2035-1-1.jpg","type":"image\/jpeg"}],"twitter_card":"summary_large_image","twitter_misc":{"Dur\u00e9e de lecture estim\u00e9e":"2 minutes"},"schema":{"@context":"https:\/\/schema.org","@graph":[{"@type":"WebPage","@id":"https:\/\/robesdemarieesgard.fr\/index.php\/cgu\/","url":"https:\/\/robesdemarieesgard.fr\/index.php\/cgu\/","name":"CGU Laura Queen Cr\u00e9ation","isPartOf":{"@id":"https:\/\/robesdemarieesgard.fr\/#website"},"datePublished":"2025-10-09T16:42:05+00:00","dateModified":"2025-10-09T16:46:00+00:00","breadcrumb":{"@id":"https:\/\/robesdemarieesgard.fr\/index.php\/cgu\/#breadcrumb"},"inLanguage":"fr-FR","potentialAction":[{"@type":"ReadAction","target":["https:\/\/robesdemarieesgard.fr\/index.php\/cgu\/"]}]},{"@type":"BreadcrumbList","@id":"https:\/\/robesdemarieesgard.fr\/index.php\/cgu\/#breadcrumb","itemListElement":[{"@type":"ListItem","position":1,"name":"Accueil","item":"https:\/\/robesdemarieesgard.fr\/"},{"@type":"ListItem","position":2,"name":"CGU"}]},{"@type":"WebSite","@id":"https:\/\/robesdemarieesgard.fr\/#website","url":"https:\/\/robesdemarieesgard.fr\/","name":"Laura Queen Cr\u00e9ation","description":"\u00c9levez votre style nuptial avec Laura Queen Cr\u00e9ation : De la cr\u00e9ation de robes de mari\u00e9e pi\u00e8ce unique \u00e0 la boutique en ligne, Made in France, personnalisation totale pour votre jour exceptionnel. Robes de mari\u00e9e uniques, pr\u00eat-\u00e0-porter, tout est sur-mesure, rien n&#039;est laiss\u00e9 au hasard!","publisher":{"@id":"https:\/\/robesdemarieesgard.fr\/#organization"},"potentialAction":[{"@type":"SearchAction","target":{"@type":"EntryPoint","urlTemplate":"https:\/\/robesdemarieesgard.fr\/?s={search_term_string}"},"query-input":{"@type":"PropertyValueSpecification","valueRequired":true,"valueName":"search_term_string"}}],"inLanguage":"fr-FR"},{"@type":"Organization","@id":"https:\/\/robesdemarieesgard.fr\/#organization","name":"Ton Style Cr\u00e9atrice","url":"https:\/\/robesdemarieesgard.fr\/","logo":{"@type":"ImageObject","inLanguage":"fr-FR","@id":"https:\/\/robesdemarieesgard.fr\/#\/schema\/logo\/image\/","url":"https:\/\/robesdemarieesgard.fr\/wp-content\/uploads\/2019\/02\/22491897_1472592829528557_4937538400733269102_n.jpg","contentUrl":"https:\/\/robesdemarieesgard.fr\/wp-content\/uploads\/2019\/02\/22491897_1472592829528557_4937538400733269102_n.jpg","width":960,"height":960,"caption":"Ton Style Cr\u00e9atrice"},"image":{"@id":"https:\/\/robesdemarieesgard.fr\/#\/schema\/logo\/image\/"},"sameAs":["https:\/\/www.facebook.com\/tonstylecreatrice\/","https:\/\/www.instagram.com\/tonstylecreatrice\/?hl=fr"]}]}},"jetpack_sharing_enabled":true,"_links":{"self":[{"href":"https:\/\/robesdemarieesgard.fr\/index.php\/wp-json\/wp\/v2\/pages\/4303","targetHints":{"allow":["GET"]}}],"collection":[{"href":"https:\/\/robesdemarieesgard.fr\/index.php\/wp-json\/wp\/v2\/pages"}],"about":[{"href":"https:\/\/robesdemarieesgard.fr\/index.php\/wp-json\/wp\/v2\/types\/page"}],"author":[{"embeddable":true,"href":"https:\/\/robesdemarieesgard.fr\/index.php\/wp-json\/wp\/v2\/users\/1"}],"replies":[{"embeddable":true,"href":"https:\/\/robesdemarieesgard.fr\/index.php\/wp-json\/wp\/v2\/comments?post=4303"}],"version-history":[{"count":7,"href":"https:\/\/robesdemarieesgard.fr\/index.php\/wp-json\/wp\/v2\/pages\/4303\/revisions"}],"predecessor-version":[{"id":4310,"href":"https:\/\/robesdemarieesgard.fr\/index.php\/wp-json\/wp\/v2\/pages\/4303\/revisions\/4310"}],"wp:attachment":[{"href":"https:\/\/robesdemarieesgard.fr\/index.php\/wp-json\/wp\/v2\/media?parent=4303"}],"curies":[{"name":"wp","href":"https:\/\/api.w.org\/{rel}","templated":true}]}}