{"id":3597,"date":"2025-08-02T14:38:21","date_gmt":"2025-08-02T12:38:21","guid":{"rendered":"https:\/\/robesdemarieesgard.fr\/?page_id=3597"},"modified":"2025-10-09T18:52:10","modified_gmt":"2025-10-09T16:52:10","slug":"politique-de-confidentialite","status":"publish","type":"page","link":"https:\/\/robesdemarieesgard.fr\/index.php\/politique-de-confidentialite\/","title":{"rendered":"RGPD"},"content":{"rendered":"\t\t<div data-elementor-type=\"wp-page\" data-elementor-id=\"3597\" class=\"elementor elementor-3597\">\n\t\t\t\t<div class=\"elementor-element elementor-element-15ed284 e-flex e-con-boxed e-con e-parent\" data-id=\"15ed284\" data-element_type=\"container\" data-e-type=\"container\">\n\t\t\t\t\t<div class=\"e-con-inner\">\n\t\t\t\t<div class=\"elementor-element elementor-element-adf38a4 elementor-widget elementor-widget-heading\" data-id=\"adf38a4\" data-element_type=\"widget\" data-e-type=\"widget\" data-widget_type=\"heading.default\">\n\t\t\t\t<div class=\"elementor-widget-container\">\n\t\t\t\t\t<h2 class=\"elementor-heading-title elementor-size-default\">Politique de confidentialit\u00e9 et cookies (RGPD)<\/h2>\t\t\t\t<\/div>\n\t\t\t\t<\/div>\n\t\t\t\t\t<\/div>\n\t\t\t\t<\/div>\n\t\t<div class=\"elementor-element elementor-element-bb78c93 e-flex e-con-boxed e-con e-parent\" data-id=\"bb78c93\" data-element_type=\"container\" data-e-type=\"container\">\n\t\t\t\t\t<div class=\"e-con-inner\">\n\t\t\t\t<div class=\"elementor-element elementor-element-39b6437 elementor-widget elementor-widget-heading\" data-id=\"39b6437\" data-element_type=\"widget\" data-e-type=\"widget\" data-widget_type=\"heading.default\">\n\t\t\t\t<div class=\"elementor-widget-container\">\n\t\t\t\t\t<h3 class=\"elementor-heading-title elementor-size-default\">1. Responsable du traitement\n<\/h3>\t\t\t\t<\/div>\n\t\t\t\t<\/div>\n\t\t\t\t\t<\/div>\n\t\t\t\t<\/div>\n\t\t<div class=\"elementor-element elementor-element-16db181 e-flex e-con-boxed e-con e-parent\" data-id=\"16db181\" data-element_type=\"container\" data-e-type=\"container\">\n\t\t\t\t\t<div class=\"e-con-inner\">\n\t\t\t\t<div class=\"elementor-element elementor-element-0d9f4ce elementor-widget elementor-widget-text-editor\" data-id=\"0d9f4ce\" data-element_type=\"widget\" data-e-type=\"widget\" data-widget_type=\"text-editor.default\">\n\t\t\t\t<div class=\"elementor-widget-container\">\n\t\t\t\t\t\t\t\t\t<div dir=\"auto\">Le responsable du traitement des donn\u00e9es est :<\/div><div dir=\"auto\">Aur\u00e9lie Croisyl, pour Laura Queen Cr\u00e9ation.<\/div><div dir=\"auto\">Email :\u00a0<a href=\"mailto:lauraqueencrea@gmail.com\" target=\"_blank\" rel=\"noopener\">lauraqueencrea@gmail.com<\/a><\/div><div dir=\"auto\">\u00a0<\/div><h3 dir=\"auto\">2. Donn\u00e9es collect\u00e9es<\/h3><div dir=\"auto\">Lorsque vous utilisez le site, les donn\u00e9es suivantes peuvent \u00eatre collect\u00e9es :<\/div><div dir=\"auto\">\u00a0<\/div><div dir=\"auto\">Nom et pr\u00e9nom<\/div><div dir=\"auto\">Adresse e-mail<\/div><div dir=\"auto\">Num\u00e9ro de t\u00e9l\u00e9phone<\/div><div dir=\"auto\">Contenu de votre message (formulaire de contact)<\/div><div dir=\"auto\">\u00a0<\/div><div dir=\"auto\">\u00a0<\/div><h3 dir=\"auto\">3. Finalit\u00e9s du traitement<\/h3><div dir=\"auto\">Vos donn\u00e9es sont utilis\u00e9es uniquement pour :<\/div><div dir=\"auto\">R\u00e9pondre \u00e0 vos demandes,<\/div><div dir=\"auto\">\u00c9tablir un devis ou une proposition commerciale,<\/div><div dir=\"auto\">Assurer le suivi de la relation client.<\/div><div dir=\"auto\">\u00a0<\/div><div dir=\"auto\">\u00a0<\/div><h3 dir=\"auto\">4. Base l\u00e9gale<\/h3><div dir=\"auto\">\u00a0<\/div><div dir=\"auto\">Le traitement est fond\u00e9 sur :<\/div><div dir=\"auto\">Votre consentement (formulaire de contact),<\/div><div dir=\"auto\">L\u2019ex\u00e9cution de mesures pr\u00e9contractuelles (demande de devis).<\/div><div dir=\"auto\">\u00a0<\/div><div dir=\"auto\">\u00a0<\/div><h3 dir=\"auto\">5. Dur\u00e9e de conservation<\/h3><div dir=\"auto\">\u00a0<\/div><div dir=\"auto\">Les donn\u00e9es sont conserv\u00e9es 3 ans maximum \u00e0 compter du dernier contact.<\/div><div dir=\"auto\">\u00a0<\/div><h3 dir=\"auto\">6. Destinataires<\/h3><div dir=\"auto\">\u00a0<\/div><div dir=\"auto\">Les donn\u00e9es sont strictement confidentielles et r\u00e9serv\u00e9es \u00e0 Laura Queen Cr\u00e9ation.<\/div><div dir=\"auto\">Elles ne sont ni vendues ni transmises \u00e0 des tiers.<\/div><div dir=\"auto\">\u00a0<\/div><h3 dir=\"auto\">7. S\u00e9curit\u00e9<\/h3><div dir=\"auto\">\u00a0<\/div><div dir=\"auto\">Le site utilise un certificat SSL (HTTPS) et des extensions de s\u00e9curit\u00e9 int\u00e9gr\u00e9es \u00e0 WordPress (Elementor, plugins RGPD).<\/div><div dir=\"auto\">Les donn\u00e9es sont h\u00e9berg\u00e9es sur les serveurs s\u00e9curis\u00e9s d\u2019OVH.<\/div><div dir=\"auto\">\u00a0<\/div><h3 dir=\"auto\">8. Vos droits<\/h3><div dir=\"auto\">\u00a0<\/div><div dir=\"auto\">Conform\u00e9ment au R\u00e8glement G\u00e9n\u00e9ral sur la Protection des Donn\u00e9es (UE 2016\/679), vous pouvez :<\/div><div dir=\"auto\">Acc\u00e9der \u00e0 vos donn\u00e9es,<\/div><div dir=\"auto\">Demander leur rectification ou suppression,<\/div><div dir=\"auto\">Retirer votre consentement,<\/div><div dir=\"auto\">Exercer votre droit \u00e0 la portabilit\u00e9.<\/div><div dir=\"auto\">\u00a0<\/div><div dir=\"auto\">\u00a0<\/div><div dir=\"auto\">Pour toute demande, contactez :\u00a0<a href=\"mailto:lauraqueencrea@gmail.com\" target=\"_blank\" rel=\"noopener\">lauraqueencrea@gmail.com<\/a><\/div><div dir=\"auto\">\u00a0<\/div><div dir=\"auto\">\u00a0<\/div>\t\t\t\t\t\t\t\t<\/div>\n\t\t\t\t<\/div>\n\t\t\t\t\t<\/div>\n\t\t\t\t<\/div>\n\t\t\t\t<\/div>\n\t\t","protected":false},"excerpt":{"rendered":"<p>Politique de confidentialit\u00e9 et cookies (RGPD) 1. Responsable du traitement Le responsable du traitement des donn\u00e9es est :Aur\u00e9lie Croisyl, pour Laura Queen Cr\u00e9ation.Email :\u00a0lauraqueencrea@gmail.com\u00a0 2. Donn\u00e9es collect\u00e9es Lorsque vous utilisez le site, les donn\u00e9es suivantes peuvent \u00eatre collect\u00e9es :\u00a0Nom et pr\u00e9nomAdresse e-mailNum\u00e9ro de t\u00e9l\u00e9phoneContenu de votre message (formulaire de contact)\u00a0\u00a0 3. Finalit\u00e9s du traitement Vos [&hellip;]<\/p>\n","protected":false},"author":1,"featured_media":0,"parent":0,"menu_order":0,"comment_status":"closed","ping_status":"closed","template":"","meta":{"_crdt_document":"","_monsterinsights_skip_tracking":false,"_monsterinsights_sitenote_active":false,"_monsterinsights_sitenote_note":"","_monsterinsights_sitenote_category":0,"ocean_post_layout":"","ocean_both_sidebars_style":"","ocean_both_sidebars_content_width":0,"ocean_both_sidebars_sidebars_width":0,"ocean_sidebar":"","ocean_second_sidebar":"","ocean_disable_margins":"enable","ocean_add_body_class":"","ocean_shortcode_before_top_bar":"","ocean_shortcode_after_top_bar":"","ocean_shortcode_before_header":"","ocean_shortcode_after_header":"","ocean_has_shortcode":"","ocean_shortcode_after_title":"","ocean_shortcode_before_footer_widgets":"","ocean_shortcode_after_footer_widgets":"","ocean_shortcode_before_footer_bottom":"","ocean_shortcode_after_footer_bottom":"","ocean_display_top_bar":"default","ocean_display_header":"default","ocean_header_style":"","ocean_center_header_left_menu":"","ocean_custom_header_template":"","ocean_custom_logo":0,"ocean_custom_retina_logo":0,"ocean_custom_logo_max_width":0,"ocean_custom_logo_tablet_max_width":0,"ocean_custom_logo_mobile_max_width":0,"ocean_custom_logo_max_height":0,"ocean_custom_logo_tablet_max_height":0,"ocean_custom_logo_mobile_max_height":0,"ocean_header_custom_menu":"","ocean_menu_typo_font_family":"","ocean_menu_typo_font_subset":"","ocean_menu_typo_font_size":0,"ocean_menu_typo_font_size_tablet":0,"ocean_menu_typo_font_size_mobile":0,"ocean_menu_typo_font_size_unit":"px","ocean_menu_typo_font_weight":"","ocean_menu_typo_font_weight_tablet":"","ocean_menu_typo_font_weight_mobile":"","ocean_menu_typo_transform":"","ocean_menu_typo_transform_tablet":"","ocean_menu_typo_transform_mobile":"","ocean_menu_typo_line_height":0,"ocean_menu_typo_line_height_tablet":0,"ocean_menu_typo_line_height_mobile":0,"ocean_menu_typo_line_height_unit":"","ocean_menu_typo_spacing":0,"ocean_menu_typo_spacing_tablet":0,"ocean_menu_typo_spacing_mobile":0,"ocean_menu_typo_spacing_unit":"","ocean_menu_link_color":"","ocean_menu_link_color_hover":"","ocean_menu_link_color_active":"","ocean_menu_link_background":"","ocean_menu_link_hover_background":"","ocean_menu_link_active_background":"","ocean_menu_social_links_bg":"","ocean_menu_social_hover_links_bg":"","ocean_menu_social_links_color":"","ocean_menu_social_hover_links_color":"","ocean_disable_title":"default","ocean_disable_heading":"default","ocean_post_title":"","ocean_post_subheading":"","ocean_post_title_style":"","ocean_post_title_background_color":"","ocean_post_title_background":0,"ocean_post_title_bg_image_position":"","ocean_post_title_bg_image_attachment":"","ocean_post_title_bg_image_repeat":"","ocean_post_title_bg_image_size":"","ocean_post_title_height":0,"ocean_post_title_bg_overlay":0.5,"ocean_post_title_bg_overlay_color":"","ocean_disable_breadcrumbs":"default","ocean_breadcrumbs_color":"","ocean_breadcrumbs_separator_color":"","ocean_breadcrumbs_links_color":"","ocean_breadcrumbs_links_hover_color":"","ocean_display_footer_widgets":"default","ocean_display_footer_bottom":"default","ocean_custom_footer_template":"","footnotes":""},"class_list":["post-3597","page","type-page","status-publish","hentry","entry"],"yoast_head":"<!-- This site is optimized with the Yoast SEO plugin v27.4 - https:\/\/yoast.com\/product\/yoast-seo-wordpress\/ -->\n<title>RGPD Laura Queen Cr\u00e9ation<\/title>\n<meta name=\"description\" content=\"Politique de confidentialit\u00e9 Laura Queen Cr\u00e9ation robes de mari\u00e9e sur-mesure adater \u00e0 tout les budget Uz\u00e8s Gard France\" \/>\n<meta name=\"robots\" content=\"index, follow, max-snippet:-1, max-image-preview:large, max-video-preview:-1\" \/>\n<link rel=\"canonical\" href=\"https:\/\/robesdemarieesgard.fr\/index.php\/politique-de-confidentialite\/\" \/>\n<meta property=\"og:locale\" content=\"fr_FR\" \/>\n<meta property=\"og:type\" content=\"article\" \/>\n<meta property=\"og:title\" content=\"RGPD Laura Queen Cr\u00e9ation\" \/>\n<meta property=\"og:description\" content=\"Politique de confidentialit\u00e9 Laura Queen Cr\u00e9ation robes de mari\u00e9e sur-mesure adater \u00e0 tout les budget Uz\u00e8s Gard France\" \/>\n<meta property=\"og:url\" content=\"https:\/\/robesdemarieesgard.fr\/index.php\/politique-de-confidentialite\/\" \/>\n<meta property=\"og:site_name\" content=\"Laura Queen Cr\u00e9ation\" \/>\n<meta property=\"article:publisher\" content=\"https:\/\/www.facebook.com\/tonstylecreatrice\/\" \/>\n<meta property=\"article:modified_time\" content=\"2025-10-09T16:52:10+00:00\" \/>\n<meta property=\"og:image\" content=\"https:\/\/robesdemarieesgard.fr\/wp-content\/uploads\/2021\/02\/2035-1-1.jpg\" \/>\n\t<meta property=\"og:image:width\" content=\"640\" \/>\n\t<meta property=\"og:image:height\" content=\"951\" \/>\n\t<meta property=\"og:image:type\" content=\"image\/jpeg\" \/>\n<meta name=\"twitter:card\" content=\"summary_large_image\" \/>\n<meta name=\"twitter:label1\" content=\"Dur\u00e9e de lecture estim\u00e9e\" \/>\n\t<meta name=\"twitter:data1\" content=\"2 minutes\" \/>\n<script type=\"application\/ld+json\" class=\"yoast-schema-graph\">{\"@context\":\"https:\\\/\\\/schema.org\",\"@graph\":[{\"@type\":\"WebPage\",\"@id\":\"https:\\\/\\\/robesdemarieesgard.fr\\\/index.php\\\/politique-de-confidentialite\\\/\",\"url\":\"https:\\\/\\\/robesdemarieesgard.fr\\\/index.php\\\/politique-de-confidentialite\\\/\",\"name\":\"RGPD Laura Queen Cr\u00e9ation\",\"isPartOf\":{\"@id\":\"https:\\\/\\\/robesdemarieesgard.fr\\\/#website\"},\"datePublished\":\"2025-08-02T12:38:21+00:00\",\"dateModified\":\"2025-10-09T16:52:10+00:00\",\"description\":\"Politique de confidentialit\u00e9 Laura Queen Cr\u00e9ation robes de mari\u00e9e sur-mesure adater \u00e0 tout les budget Uz\u00e8s Gard France\",\"breadcrumb\":{\"@id\":\"https:\\\/\\\/robesdemarieesgard.fr\\\/index.php\\\/politique-de-confidentialite\\\/#breadcrumb\"},\"inLanguage\":\"fr-FR\",\"potentialAction\":[{\"@type\":\"ReadAction\",\"target\":[\"https:\\\/\\\/robesdemarieesgard.fr\\\/index.php\\\/politique-de-confidentialite\\\/\"]}]},{\"@type\":\"BreadcrumbList\",\"@id\":\"https:\\\/\\\/robesdemarieesgard.fr\\\/index.php\\\/politique-de-confidentialite\\\/#breadcrumb\",\"itemListElement\":[{\"@type\":\"ListItem\",\"position\":1,\"name\":\"Accueil\",\"item\":\"https:\\\/\\\/robesdemarieesgard.fr\\\/\"},{\"@type\":\"ListItem\",\"position\":2,\"name\":\"RGPD\"}]},{\"@type\":\"WebSite\",\"@id\":\"https:\\\/\\\/robesdemarieesgard.fr\\\/#website\",\"url\":\"https:\\\/\\\/robesdemarieesgard.fr\\\/\",\"name\":\"Laura Queen Cr\u00e9ation\",\"description\":\"\u00c9levez votre style nuptial avec Laura Queen Cr\u00e9ation : De la cr\u00e9ation de robes de mari\u00e9e pi\u00e8ce unique \u00e0 la boutique en ligne, Made in France, personnalisation totale pour votre jour exceptionnel. Robes de mari\u00e9e uniques, pr\u00eat-\u00e0-porter, tout est sur-mesure, rien n&#039;est laiss\u00e9 au hasard!\",\"publisher\":{\"@id\":\"https:\\\/\\\/robesdemarieesgard.fr\\\/#organization\"},\"potentialAction\":[{\"@type\":\"SearchAction\",\"target\":{\"@type\":\"EntryPoint\",\"urlTemplate\":\"https:\\\/\\\/robesdemarieesgard.fr\\\/?s={search_term_string}\"},\"query-input\":{\"@type\":\"PropertyValueSpecification\",\"valueRequired\":true,\"valueName\":\"search_term_string\"}}],\"inLanguage\":\"fr-FR\"},{\"@type\":\"Organization\",\"@id\":\"https:\\\/\\\/robesdemarieesgard.fr\\\/#organization\",\"name\":\"Ton Style Cr\u00e9atrice\",\"url\":\"https:\\\/\\\/robesdemarieesgard.fr\\\/\",\"logo\":{\"@type\":\"ImageObject\",\"inLanguage\":\"fr-FR\",\"@id\":\"https:\\\/\\\/robesdemarieesgard.fr\\\/#\\\/schema\\\/logo\\\/image\\\/\",\"url\":\"https:\\\/\\\/robesdemarieesgard.fr\\\/wp-content\\\/uploads\\\/2019\\\/02\\\/22491897_1472592829528557_4937538400733269102_n.jpg\",\"contentUrl\":\"https:\\\/\\\/robesdemarieesgard.fr\\\/wp-content\\\/uploads\\\/2019\\\/02\\\/22491897_1472592829528557_4937538400733269102_n.jpg\",\"width\":960,\"height\":960,\"caption\":\"Ton Style Cr\u00e9atrice\"},\"image\":{\"@id\":\"https:\\\/\\\/robesdemarieesgard.fr\\\/#\\\/schema\\\/logo\\\/image\\\/\"},\"sameAs\":[\"https:\\\/\\\/www.facebook.com\\\/tonstylecreatrice\\\/\",\"https:\\\/\\\/www.instagram.com\\\/tonstylecreatrice\\\/?hl=fr\"]}]}<\/script>\n<!-- \/ Yoast SEO plugin. -->","yoast_head_json":{"title":"RGPD Laura Queen Cr\u00e9ation","description":"Politique de confidentialit\u00e9 Laura Queen Cr\u00e9ation robes de mari\u00e9e sur-mesure adater \u00e0 tout les budget Uz\u00e8s Gard France","robots":{"index":"index","follow":"follow","max-snippet":"max-snippet:-1","max-image-preview":"max-image-preview:large","max-video-preview":"max-video-preview:-1"},"canonical":"https:\/\/robesdemarieesgard.fr\/index.php\/politique-de-confidentialite\/","og_locale":"fr_FR","og_type":"article","og_title":"RGPD Laura Queen Cr\u00e9ation","og_description":"Politique de confidentialit\u00e9 Laura Queen Cr\u00e9ation robes de mari\u00e9e sur-mesure adater \u00e0 tout les budget Uz\u00e8s Gard France","og_url":"https:\/\/robesdemarieesgard.fr\/index.php\/politique-de-confidentialite\/","og_site_name":"Laura Queen Cr\u00e9ation","article_publisher":"https:\/\/www.facebook.com\/tonstylecreatrice\/","article_modified_time":"2025-10-09T16:52:10+00:00","og_image":[{"width":640,"height":951,"url":"https:\/\/robesdemarieesgard.fr\/wp-content\/uploads\/2021\/02\/2035-1-1.jpg","type":"image\/jpeg"}],"twitter_card":"summary_large_image","twitter_misc":{"Dur\u00e9e de lecture estim\u00e9e":"2 minutes"},"schema":{"@context":"https:\/\/schema.org","@graph":[{"@type":"WebPage","@id":"https:\/\/robesdemarieesgard.fr\/index.php\/politique-de-confidentialite\/","url":"https:\/\/robesdemarieesgard.fr\/index.php\/politique-de-confidentialite\/","name":"RGPD Laura Queen Cr\u00e9ation","isPartOf":{"@id":"https:\/\/robesdemarieesgard.fr\/#website"},"datePublished":"2025-08-02T12:38:21+00:00","dateModified":"2025-10-09T16:52:10+00:00","description":"Politique de confidentialit\u00e9 Laura Queen Cr\u00e9ation robes de mari\u00e9e sur-mesure adater \u00e0 tout les budget Uz\u00e8s Gard France","breadcrumb":{"@id":"https:\/\/robesdemarieesgard.fr\/index.php\/politique-de-confidentialite\/#breadcrumb"},"inLanguage":"fr-FR","potentialAction":[{"@type":"ReadAction","target":["https:\/\/robesdemarieesgard.fr\/index.php\/politique-de-confidentialite\/"]}]},{"@type":"BreadcrumbList","@id":"https:\/\/robesdemarieesgard.fr\/index.php\/politique-de-confidentialite\/#breadcrumb","itemListElement":[{"@type":"ListItem","position":1,"name":"Accueil","item":"https:\/\/robesdemarieesgard.fr\/"},{"@type":"ListItem","position":2,"name":"RGPD"}]},{"@type":"WebSite","@id":"https:\/\/robesdemarieesgard.fr\/#website","url":"https:\/\/robesdemarieesgard.fr\/","name":"Laura Queen Cr\u00e9ation","description":"\u00c9levez votre style nuptial avec Laura Queen Cr\u00e9ation : De la cr\u00e9ation de robes de mari\u00e9e pi\u00e8ce unique \u00e0 la boutique en ligne, Made in France, personnalisation totale pour votre jour exceptionnel. Robes de mari\u00e9e uniques, pr\u00eat-\u00e0-porter, tout est sur-mesure, rien n&#039;est laiss\u00e9 au hasard!","publisher":{"@id":"https:\/\/robesdemarieesgard.fr\/#organization"},"potentialAction":[{"@type":"SearchAction","target":{"@type":"EntryPoint","urlTemplate":"https:\/\/robesdemarieesgard.fr\/?s={search_term_string}"},"query-input":{"@type":"PropertyValueSpecification","valueRequired":true,"valueName":"search_term_string"}}],"inLanguage":"fr-FR"},{"@type":"Organization","@id":"https:\/\/robesdemarieesgard.fr\/#organization","name":"Ton Style Cr\u00e9atrice","url":"https:\/\/robesdemarieesgard.fr\/","logo":{"@type":"ImageObject","inLanguage":"fr-FR","@id":"https:\/\/robesdemarieesgard.fr\/#\/schema\/logo\/image\/","url":"https:\/\/robesdemarieesgard.fr\/wp-content\/uploads\/2019\/02\/22491897_1472592829528557_4937538400733269102_n.jpg","contentUrl":"https:\/\/robesdemarieesgard.fr\/wp-content\/uploads\/2019\/02\/22491897_1472592829528557_4937538400733269102_n.jpg","width":960,"height":960,"caption":"Ton Style Cr\u00e9atrice"},"image":{"@id":"https:\/\/robesdemarieesgard.fr\/#\/schema\/logo\/image\/"},"sameAs":["https:\/\/www.facebook.com\/tonstylecreatrice\/","https:\/\/www.instagram.com\/tonstylecreatrice\/?hl=fr"]}]}},"jetpack_sharing_enabled":true,"_links":{"self":[{"href":"https:\/\/robesdemarieesgard.fr\/index.php\/wp-json\/wp\/v2\/pages\/3597","targetHints":{"allow":["GET"]}}],"collection":[{"href":"https:\/\/robesdemarieesgard.fr\/index.php\/wp-json\/wp\/v2\/pages"}],"about":[{"href":"https:\/\/robesdemarieesgard.fr\/index.php\/wp-json\/wp\/v2\/types\/page"}],"author":[{"embeddable":true,"href":"https:\/\/robesdemarieesgard.fr\/index.php\/wp-json\/wp\/v2\/users\/1"}],"replies":[{"embeddable":true,"href":"https:\/\/robesdemarieesgard.fr\/index.php\/wp-json\/wp\/v2\/comments?post=3597"}],"version-history":[{"count":8,"href":"https:\/\/robesdemarieesgard.fr\/index.php\/wp-json\/wp\/v2\/pages\/3597\/revisions"}],"predecessor-version":[{"id":4315,"href":"https:\/\/robesdemarieesgard.fr\/index.php\/wp-json\/wp\/v2\/pages\/3597\/revisions\/4315"}],"wp:attachment":[{"href":"https:\/\/robesdemarieesgard.fr\/index.php\/wp-json\/wp\/v2\/media?parent=3597"}],"curies":[{"name":"wp","href":"https:\/\/api.w.org\/{rel}","templated":true}]}}