{"id":2616,"date":"2023-11-10T13:38:47","date_gmt":"2023-11-10T12:38:47","guid":{"rendered":"https:\/\/robesdemarieesgard.fr\/index.php\/conditions-generales\/"},"modified":"2025-10-09T18:34:31","modified_gmt":"2025-10-09T16:34:31","slug":"conditions-generales","status":"publish","type":"page","link":"https:\/\/robesdemarieesgard.fr\/index.php\/conditions-generales\/","title":{"rendered":"\u00a0Mentions l\u00e9gales"},"content":{"rendered":"\t\t<div data-elementor-type=\"wp-page\" data-elementor-id=\"2616\" class=\"elementor elementor-2616\">\n\t\t\t\t<div class=\"elementor-element elementor-element-13299c9 e-flex e-con-boxed e-con e-parent\" data-id=\"13299c9\" data-element_type=\"container\" data-e-type=\"container\">\n\t\t\t\t\t<div class=\"e-con-inner\">\n\t\t\t\t<div class=\"elementor-element elementor-element-1119ef1 elementor-widget elementor-widget-heading\" data-id=\"1119ef1\" data-element_type=\"widget\" data-e-type=\"widget\" data-widget_type=\"heading.default\">\n\t\t\t\t<div class=\"elementor-widget-container\">\n\t\t\t\t\t<h2 class=\"elementor-heading-title elementor-size-default\">Mentions l\u00e9gales <\/h2>\t\t\t\t<\/div>\n\t\t\t\t<\/div>\n\t\t\t\t\t<\/div>\n\t\t\t\t<\/div>\n\t\t<div class=\"elementor-element elementor-element-1389961 e-flex e-con-boxed e-con e-parent\" data-id=\"1389961\" data-element_type=\"container\" data-e-type=\"container\">\n\t\t\t\t\t<div class=\"e-con-inner\">\n\t\t\t\t<div class=\"elementor-element elementor-element-5ce9c94 elementor-widget elementor-widget-text-editor\" data-id=\"5ce9c94\" data-element_type=\"widget\" data-e-type=\"widget\" data-widget_type=\"text-editor.default\">\n\t\t\t\t<div class=\"elementor-widget-container\">\n\t\t\t\t\t\t\t\t\t<div dir=\"auto\">\u00c9diteur du site<\/div><div dir=\"auto\">Laura Queen Cr\u00e9ation<\/div><div dir=\"auto\">Nom commercial : Laura Queen Cr\u00e9ation<\/div><div dir=\"auto\">Entreprise individuelle\u00a0<\/div><div dir=\"auto\">Repr\u00e9sent\u00e9e par Aur\u00e9lie Croisyl<\/div><div dir=\"auto\">Si\u00e8ge social : 24 Place aux Herbes, 30700 Uz\u00e8s, France<\/div><div dir=\"auto\">Showroom priv\u00e9 : L\u00e9dignan (30350)<\/div><div dir=\"auto\">Num\u00e9ro SIRET : 818 952 624 00011<\/div><div dir=\"auto\">Email :\u00a0<a href=\"mailto:lauraqueencrea@gmail.com\" target=\"_blank\" rel=\"noopener\">lauraqueencrea@gmail.com<\/a><\/div><div dir=\"auto\">Statut juridique : Entreprise individuelle<\/div><div dir=\"auto\">TVA non applicable, article 293 B du CGI.<\/div><div dir=\"auto\">\u00a0<\/div><div dir=\"auto\">Directrice de la publication : Aur\u00e9lie Croisyl<\/div><div dir=\"auto\">\u00a0<\/div><div dir=\"auto\">H\u00e9bergement du site<\/div><div dir=\"auto\">Ce site est h\u00e9berg\u00e9 par OVH SAS<\/div><div dir=\"auto\">2 rue Kellermann \u2013 BP 80157 \u2013 59053 Roubaix Cedex 1 \u2013 France<\/div><div dir=\"auto\">Site web :\u00a0<a href=\"http:\/\/www.ovh.com\/\" target=\"_blank\" rel=\"noopener\" data-saferedirecturl=\"https:\/\/www.google.com\/url?q=http:\/\/www.ovh.com&amp;source=gmail&amp;ust=1760113756870000&amp;usg=AOvVaw3t8IlB2EVd_6COMpgDFcoV\">www.ovh.com<\/a><\/div>\t\t\t\t\t\t\t\t<\/div>\n\t\t\t\t<\/div>\n\t\t\t\t\t<\/div>\n\t\t\t\t<\/div>\n\t\t\t\t<\/div>\n\t\t","protected":false},"excerpt":{"rendered":"<p>Mentions l\u00e9gales \u00c9diteur du siteLaura Queen Cr\u00e9ationNom commercial : Laura Queen Cr\u00e9ationEntreprise individuelle\u00a0Repr\u00e9sent\u00e9e par Aur\u00e9lie CroisylSi\u00e8ge social : 24 Place aux Herbes, 30700 Uz\u00e8s, FranceShowroom priv\u00e9 : L\u00e9dignan (30350)Num\u00e9ro SIRET : 818 952 624 00011Email :\u00a0lauraqueencrea@gmail.comStatut juridique : Entreprise individuelleTVA non applicable, article 293 B du CGI.\u00a0Directrice de la publication : Aur\u00e9lie Croisyl\u00a0H\u00e9bergement du siteCe [&hellip;]<\/p>\n","protected":false},"author":1,"featured_media":4170,"parent":0,"menu_order":0,"comment_status":"closed","ping_status":"closed","template":"","meta":{"_crdt_document":"","_monsterinsights_skip_tracking":false,"_monsterinsights_sitenote_active":false,"_monsterinsights_sitenote_note":"","_monsterinsights_sitenote_category":0,"ocean_post_layout":"","ocean_both_sidebars_style":"","ocean_both_sidebars_content_width":0,"ocean_both_sidebars_sidebars_width":0,"ocean_sidebar":"","ocean_second_sidebar":"","ocean_disable_margins":"enable","ocean_add_body_class":"","ocean_shortcode_before_top_bar":"","ocean_shortcode_after_top_bar":"","ocean_shortcode_before_header":"","ocean_shortcode_after_header":"","ocean_has_shortcode":"","ocean_shortcode_after_title":"","ocean_shortcode_before_footer_widgets":"","ocean_shortcode_after_footer_widgets":"","ocean_shortcode_before_footer_bottom":"","ocean_shortcode_after_footer_bottom":"","ocean_display_top_bar":"default","ocean_display_header":"default","ocean_header_style":"","ocean_center_header_left_menu":"","ocean_custom_header_template":"","ocean_custom_logo":0,"ocean_custom_retina_logo":0,"ocean_custom_logo_max_width":0,"ocean_custom_logo_tablet_max_width":0,"ocean_custom_logo_mobile_max_width":0,"ocean_custom_logo_max_height":0,"ocean_custom_logo_tablet_max_height":0,"ocean_custom_logo_mobile_max_height":0,"ocean_header_custom_menu":"","ocean_menu_typo_font_family":"","ocean_menu_typo_font_subset":"","ocean_menu_typo_font_size":0,"ocean_menu_typo_font_size_tablet":0,"ocean_menu_typo_font_size_mobile":0,"ocean_menu_typo_font_size_unit":"px","ocean_menu_typo_font_weight":"","ocean_menu_typo_font_weight_tablet":"","ocean_menu_typo_font_weight_mobile":"","ocean_menu_typo_transform":"","ocean_menu_typo_transform_tablet":"","ocean_menu_typo_transform_mobile":"","ocean_menu_typo_line_height":0,"ocean_menu_typo_line_height_tablet":0,"ocean_menu_typo_line_height_mobile":0,"ocean_menu_typo_line_height_unit":"","ocean_menu_typo_spacing":0,"ocean_menu_typo_spacing_tablet":0,"ocean_menu_typo_spacing_mobile":0,"ocean_menu_typo_spacing_unit":"","ocean_menu_link_color":"","ocean_menu_link_color_hover":"","ocean_menu_link_color_active":"","ocean_menu_link_background":"","ocean_menu_link_hover_background":"","ocean_menu_link_active_background":"","ocean_menu_social_links_bg":"","ocean_menu_social_hover_links_bg":"","ocean_menu_social_links_color":"","ocean_menu_social_hover_links_color":"","ocean_disable_title":"default","ocean_disable_heading":"default","ocean_post_title":"","ocean_post_subheading":"","ocean_post_title_style":"","ocean_post_title_background_color":"","ocean_post_title_background":0,"ocean_post_title_bg_image_position":"","ocean_post_title_bg_image_attachment":"","ocean_post_title_bg_image_repeat":"","ocean_post_title_bg_image_size":"","ocean_post_title_height":0,"ocean_post_title_bg_overlay":0.5,"ocean_post_title_bg_overlay_color":"","ocean_disable_breadcrumbs":"default","ocean_breadcrumbs_color":"","ocean_breadcrumbs_separator_color":"","ocean_breadcrumbs_links_color":"","ocean_breadcrumbs_links_hover_color":"","ocean_display_footer_widgets":"default","ocean_display_footer_bottom":"default","ocean_custom_footer_template":"","footnotes":""},"class_list":["post-2616","page","type-page","status-publish","has-post-thumbnail","hentry","entry","has-media"],"yoast_head":"<!-- This site is optimized with the Yoast SEO plugin v27.4 - https:\/\/yoast.com\/product\/yoast-seo-wordpress\/ -->\n<title>\u00a0Mentions l\u00e9gales Laura Queen Cr\u00e9ation<\/title>\n<meta name=\"robots\" content=\"index, follow, max-snippet:-1, max-image-preview:large, max-video-preview:-1\" \/>\n<link rel=\"canonical\" href=\"https:\/\/robesdemarieesgard.fr\/index.php\/conditions-generales\/\" \/>\n<meta property=\"og:locale\" content=\"fr_FR\" \/>\n<meta property=\"og:type\" content=\"article\" \/>\n<meta property=\"og:title\" content=\"\u00a0Mentions l\u00e9gales Laura Queen Cr\u00e9ation\" \/>\n<meta property=\"og:description\" content=\"Mentions l\u00e9gales \u00c9diteur du siteLaura Queen Cr\u00e9ationNom commercial : Laura Queen Cr\u00e9ationEntreprise individuelle\u00a0Repr\u00e9sent\u00e9e par Aur\u00e9lie CroisylSi\u00e8ge social : 24 Place aux Herbes, 30700 Uz\u00e8s, FranceShowroom priv\u00e9 : L\u00e9dignan (30350)Num\u00e9ro SIRET : 818 952 624 00011Email :\u00a0lauraqueencrea@gmail.comStatut juridique : Entreprise individuelleTVA non applicable, article 293 B du CGI.\u00a0Directrice de la publication : Aur\u00e9lie Croisyl\u00a0H\u00e9bergement du siteCe [&hellip;]\" \/>\n<meta property=\"og:url\" content=\"https:\/\/robesdemarieesgard.fr\/index.php\/conditions-generales\/\" \/>\n<meta property=\"og:site_name\" content=\"Laura Queen Cr\u00e9ation\" \/>\n<meta property=\"article:publisher\" content=\"https:\/\/www.facebook.com\/tonstylecreatrice\/\" \/>\n<meta property=\"article:modified_time\" content=\"2025-10-09T16:34:31+00:00\" \/>\n<meta property=\"og:image\" content=\"https:\/\/robesdemarieesgard.fr\/wp-content\/uploads\/2025\/09\/JulietteArthur_124-scaled.jpg\" \/>\n\t<meta property=\"og:image:width\" content=\"1707\" \/>\n\t<meta property=\"og:image:height\" content=\"2560\" \/>\n\t<meta property=\"og:image:type\" content=\"image\/jpeg\" \/>\n<meta name=\"twitter:card\" content=\"summary_large_image\" \/>\n<meta name=\"twitter:label1\" content=\"Dur\u00e9e de lecture estim\u00e9e\" \/>\n\t<meta name=\"twitter:data1\" content=\"1 minute\" \/>\n<script type=\"application\/ld+json\" class=\"yoast-schema-graph\">{\"@context\":\"https:\\\/\\\/schema.org\",\"@graph\":[{\"@type\":\"WebPage\",\"@id\":\"https:\\\/\\\/robesdemarieesgard.fr\\\/index.php\\\/conditions-generales\\\/\",\"url\":\"https:\\\/\\\/robesdemarieesgard.fr\\\/index.php\\\/conditions-generales\\\/\",\"name\":\"\u00a0Mentions l\u00e9gales Laura Queen Cr\u00e9ation\",\"isPartOf\":{\"@id\":\"https:\\\/\\\/robesdemarieesgard.fr\\\/#website\"},\"primaryImageOfPage\":{\"@id\":\"https:\\\/\\\/robesdemarieesgard.fr\\\/index.php\\\/conditions-generales\\\/#primaryimage\"},\"image\":{\"@id\":\"https:\\\/\\\/robesdemarieesgard.fr\\\/index.php\\\/conditions-generales\\\/#primaryimage\"},\"thumbnailUrl\":\"https:\\\/\\\/robesdemarieesgard.fr\\\/wp-content\\\/uploads\\\/2025\\\/09\\\/JulietteArthur_124-scaled.jpg\",\"datePublished\":\"2023-11-10T12:38:47+00:00\",\"dateModified\":\"2025-10-09T16:34:31+00:00\",\"breadcrumb\":{\"@id\":\"https:\\\/\\\/robesdemarieesgard.fr\\\/index.php\\\/conditions-generales\\\/#breadcrumb\"},\"inLanguage\":\"fr-FR\",\"potentialAction\":[{\"@type\":\"ReadAction\",\"target\":[\"https:\\\/\\\/robesdemarieesgard.fr\\\/index.php\\\/conditions-generales\\\/\"]}]},{\"@type\":\"ImageObject\",\"inLanguage\":\"fr-FR\",\"@id\":\"https:\\\/\\\/robesdemarieesgard.fr\\\/index.php\\\/conditions-generales\\\/#primaryimage\",\"url\":\"https:\\\/\\\/robesdemarieesgard.fr\\\/wp-content\\\/uploads\\\/2025\\\/09\\\/JulietteArthur_124-scaled.jpg\",\"contentUrl\":\"https:\\\/\\\/robesdemarieesgard.fr\\\/wp-content\\\/uploads\\\/2025\\\/09\\\/JulietteArthur_124-scaled.jpg\",\"width\":1707,\"height\":2560,\"caption\":\"Mentions l\u00e9gales\"},{\"@type\":\"BreadcrumbList\",\"@id\":\"https:\\\/\\\/robesdemarieesgard.fr\\\/index.php\\\/conditions-generales\\\/#breadcrumb\",\"itemListElement\":[{\"@type\":\"ListItem\",\"position\":1,\"name\":\"Accueil\",\"item\":\"https:\\\/\\\/robesdemarieesgard.fr\\\/\"},{\"@type\":\"ListItem\",\"position\":2,\"name\":\"\u00a0Mentions l\u00e9gales\"}]},{\"@type\":\"WebSite\",\"@id\":\"https:\\\/\\\/robesdemarieesgard.fr\\\/#website\",\"url\":\"https:\\\/\\\/robesdemarieesgard.fr\\\/\",\"name\":\"Laura Queen Cr\u00e9ation\",\"description\":\"\u00c9levez votre style nuptial avec Laura Queen Cr\u00e9ation : De la cr\u00e9ation de robes de mari\u00e9e pi\u00e8ce unique \u00e0 la boutique en ligne, Made in France, personnalisation totale pour votre jour exceptionnel. Robes de mari\u00e9e uniques, pr\u00eat-\u00e0-porter, tout est sur-mesure, rien n&#039;est laiss\u00e9 au hasard!\",\"publisher\":{\"@id\":\"https:\\\/\\\/robesdemarieesgard.fr\\\/#organization\"},\"potentialAction\":[{\"@type\":\"SearchAction\",\"target\":{\"@type\":\"EntryPoint\",\"urlTemplate\":\"https:\\\/\\\/robesdemarieesgard.fr\\\/?s={search_term_string}\"},\"query-input\":{\"@type\":\"PropertyValueSpecification\",\"valueRequired\":true,\"valueName\":\"search_term_string\"}}],\"inLanguage\":\"fr-FR\"},{\"@type\":\"Organization\",\"@id\":\"https:\\\/\\\/robesdemarieesgard.fr\\\/#organization\",\"name\":\"Ton Style Cr\u00e9atrice\",\"url\":\"https:\\\/\\\/robesdemarieesgard.fr\\\/\",\"logo\":{\"@type\":\"ImageObject\",\"inLanguage\":\"fr-FR\",\"@id\":\"https:\\\/\\\/robesdemarieesgard.fr\\\/#\\\/schema\\\/logo\\\/image\\\/\",\"url\":\"https:\\\/\\\/robesdemarieesgard.fr\\\/wp-content\\\/uploads\\\/2019\\\/02\\\/22491897_1472592829528557_4937538400733269102_n.jpg\",\"contentUrl\":\"https:\\\/\\\/robesdemarieesgard.fr\\\/wp-content\\\/uploads\\\/2019\\\/02\\\/22491897_1472592829528557_4937538400733269102_n.jpg\",\"width\":960,\"height\":960,\"caption\":\"Ton Style Cr\u00e9atrice\"},\"image\":{\"@id\":\"https:\\\/\\\/robesdemarieesgard.fr\\\/#\\\/schema\\\/logo\\\/image\\\/\"},\"sameAs\":[\"https:\\\/\\\/www.facebook.com\\\/tonstylecreatrice\\\/\",\"https:\\\/\\\/www.instagram.com\\\/tonstylecreatrice\\\/?hl=fr\"]}]}<\/script>\n<!-- \/ Yoast SEO plugin. -->","yoast_head_json":{"title":"\u00a0Mentions l\u00e9gales Laura Queen Cr\u00e9ation","robots":{"index":"index","follow":"follow","max-snippet":"max-snippet:-1","max-image-preview":"max-image-preview:large","max-video-preview":"max-video-preview:-1"},"canonical":"https:\/\/robesdemarieesgard.fr\/index.php\/conditions-generales\/","og_locale":"fr_FR","og_type":"article","og_title":"\u00a0Mentions l\u00e9gales Laura Queen Cr\u00e9ation","og_description":"Mentions l\u00e9gales \u00c9diteur du siteLaura Queen Cr\u00e9ationNom commercial : Laura Queen Cr\u00e9ationEntreprise individuelle\u00a0Repr\u00e9sent\u00e9e par Aur\u00e9lie CroisylSi\u00e8ge social : 24 Place aux Herbes, 30700 Uz\u00e8s, FranceShowroom priv\u00e9 : L\u00e9dignan (30350)Num\u00e9ro SIRET : 818 952 624 00011Email :\u00a0lauraqueencrea@gmail.comStatut juridique : Entreprise individuelleTVA non applicable, article 293 B du CGI.\u00a0Directrice de la publication : Aur\u00e9lie Croisyl\u00a0H\u00e9bergement du siteCe [&hellip;]","og_url":"https:\/\/robesdemarieesgard.fr\/index.php\/conditions-generales\/","og_site_name":"Laura Queen Cr\u00e9ation","article_publisher":"https:\/\/www.facebook.com\/tonstylecreatrice\/","article_modified_time":"2025-10-09T16:34:31+00:00","og_image":[{"width":1707,"height":2560,"url":"https:\/\/robesdemarieesgard.fr\/wp-content\/uploads\/2025\/09\/JulietteArthur_124-scaled.jpg","type":"image\/jpeg"}],"twitter_card":"summary_large_image","twitter_misc":{"Dur\u00e9e de lecture estim\u00e9e":"1 minute"},"schema":{"@context":"https:\/\/schema.org","@graph":[{"@type":"WebPage","@id":"https:\/\/robesdemarieesgard.fr\/index.php\/conditions-generales\/","url":"https:\/\/robesdemarieesgard.fr\/index.php\/conditions-generales\/","name":"\u00a0Mentions l\u00e9gales Laura Queen Cr\u00e9ation","isPartOf":{"@id":"https:\/\/robesdemarieesgard.fr\/#website"},"primaryImageOfPage":{"@id":"https:\/\/robesdemarieesgard.fr\/index.php\/conditions-generales\/#primaryimage"},"image":{"@id":"https:\/\/robesdemarieesgard.fr\/index.php\/conditions-generales\/#primaryimage"},"thumbnailUrl":"https:\/\/robesdemarieesgard.fr\/wp-content\/uploads\/2025\/09\/JulietteArthur_124-scaled.jpg","datePublished":"2023-11-10T12:38:47+00:00","dateModified":"2025-10-09T16:34:31+00:00","breadcrumb":{"@id":"https:\/\/robesdemarieesgard.fr\/index.php\/conditions-generales\/#breadcrumb"},"inLanguage":"fr-FR","potentialAction":[{"@type":"ReadAction","target":["https:\/\/robesdemarieesgard.fr\/index.php\/conditions-generales\/"]}]},{"@type":"ImageObject","inLanguage":"fr-FR","@id":"https:\/\/robesdemarieesgard.fr\/index.php\/conditions-generales\/#primaryimage","url":"https:\/\/robesdemarieesgard.fr\/wp-content\/uploads\/2025\/09\/JulietteArthur_124-scaled.jpg","contentUrl":"https:\/\/robesdemarieesgard.fr\/wp-content\/uploads\/2025\/09\/JulietteArthur_124-scaled.jpg","width":1707,"height":2560,"caption":"Mentions l\u00e9gales"},{"@type":"BreadcrumbList","@id":"https:\/\/robesdemarieesgard.fr\/index.php\/conditions-generales\/#breadcrumb","itemListElement":[{"@type":"ListItem","position":1,"name":"Accueil","item":"https:\/\/robesdemarieesgard.fr\/"},{"@type":"ListItem","position":2,"name":"\u00a0Mentions l\u00e9gales"}]},{"@type":"WebSite","@id":"https:\/\/robesdemarieesgard.fr\/#website","url":"https:\/\/robesdemarieesgard.fr\/","name":"Laura Queen Cr\u00e9ation","description":"\u00c9levez votre style nuptial avec Laura Queen Cr\u00e9ation : De la cr\u00e9ation de robes de mari\u00e9e pi\u00e8ce unique \u00e0 la boutique en ligne, Made in France, personnalisation totale pour votre jour exceptionnel. Robes de mari\u00e9e uniques, pr\u00eat-\u00e0-porter, tout est sur-mesure, rien n&#039;est laiss\u00e9 au hasard!","publisher":{"@id":"https:\/\/robesdemarieesgard.fr\/#organization"},"potentialAction":[{"@type":"SearchAction","target":{"@type":"EntryPoint","urlTemplate":"https:\/\/robesdemarieesgard.fr\/?s={search_term_string}"},"query-input":{"@type":"PropertyValueSpecification","valueRequired":true,"valueName":"search_term_string"}}],"inLanguage":"fr-FR"},{"@type":"Organization","@id":"https:\/\/robesdemarieesgard.fr\/#organization","name":"Ton Style Cr\u00e9atrice","url":"https:\/\/robesdemarieesgard.fr\/","logo":{"@type":"ImageObject","inLanguage":"fr-FR","@id":"https:\/\/robesdemarieesgard.fr\/#\/schema\/logo\/image\/","url":"https:\/\/robesdemarieesgard.fr\/wp-content\/uploads\/2019\/02\/22491897_1472592829528557_4937538400733269102_n.jpg","contentUrl":"https:\/\/robesdemarieesgard.fr\/wp-content\/uploads\/2019\/02\/22491897_1472592829528557_4937538400733269102_n.jpg","width":960,"height":960,"caption":"Ton Style Cr\u00e9atrice"},"image":{"@id":"https:\/\/robesdemarieesgard.fr\/#\/schema\/logo\/image\/"},"sameAs":["https:\/\/www.facebook.com\/tonstylecreatrice\/","https:\/\/www.instagram.com\/tonstylecreatrice\/?hl=fr"]}]}},"jetpack_sharing_enabled":true,"_links":{"self":[{"href":"https:\/\/robesdemarieesgard.fr\/index.php\/wp-json\/wp\/v2\/pages\/2616","targetHints":{"allow":["GET"]}}],"collection":[{"href":"https:\/\/robesdemarieesgard.fr\/index.php\/wp-json\/wp\/v2\/pages"}],"about":[{"href":"https:\/\/robesdemarieesgard.fr\/index.php\/wp-json\/wp\/v2\/types\/page"}],"author":[{"embeddable":true,"href":"https:\/\/robesdemarieesgard.fr\/index.php\/wp-json\/wp\/v2\/users\/1"}],"replies":[{"embeddable":true,"href":"https:\/\/robesdemarieesgard.fr\/index.php\/wp-json\/wp\/v2\/comments?post=2616"}],"version-history":[{"count":9,"href":"https:\/\/robesdemarieesgard.fr\/index.php\/wp-json\/wp\/v2\/pages\/2616\/revisions"}],"predecessor-version":[{"id":4301,"href":"https:\/\/robesdemarieesgard.fr\/index.php\/wp-json\/wp\/v2\/pages\/2616\/revisions\/4301"}],"wp:featuredmedia":[{"embeddable":true,"href":"https:\/\/robesdemarieesgard.fr\/index.php\/wp-json\/wp\/v2\/media\/4170"}],"wp:attachment":[{"href":"https:\/\/robesdemarieesgard.fr\/index.php\/wp-json\/wp\/v2\/media?parent=2616"}],"curies":[{"name":"wp","href":"https:\/\/api.w.org\/{rel}","templated":true}]}}